{"id":10,"date":"2017-05-09T21:11:28","date_gmt":"2017-05-09T18:11:28","guid":{"rendered":"http:\/\/beta.otavanviesti.fi\/?page_id=10"},"modified":"2024-09-20T09:49:57","modified_gmt":"2024-09-20T06:49:57","slug":"tietoja","status":"publish","type":"page","link":"http:\/\/www.otavanviesti.fi\/index.php\/tietoja\/","title":{"rendered":"M45 7v7 SM-kisat H\u00e4nninkent\u00e4ll\u00e4 21.-22. syyskuuta 2024."},"content":{"rendered":"<p><img loading=\"lazy\" decoding=\"async\" class=\"alignnone size-full wp-image-1058\" src=\"http:\/\/www.otavanviesti.fi\/wp-content\/uploads\/2024\/06\/KKI_3d_logo1.png\" alt=\"\" width=\"11693\" height=\"4724\" \/><\/p>\n<p><strong>Kaikki ottelut:<\/strong><\/p>\n\n\n<script src='https:\/\/spl.torneopal.fi\/torneopal\/ajax\/[torneopal:schedule:competition=splkki24%26amp;class=M45SM7%26amp;group=3%26amp;key=ESM648VJD5]'><\/script>\n\n\n\n<p>Sarjataulukko:<\/p>\n\n\n\n<p><\/p>\n\n\n\n<script src='https:\/\/spl.torneopal.fi\/torneopal\/ajax\/[torneopal:scoretable:competition=splkki24%26amp;class=M45SM7%26amp;group=3%26amp;key=ESM648VJD5]'><\/script>\n\n\n\n<script src='https:\/\/spl.torneopal.fi\/torneopal\/ajax\/[torneopal:stats:competition=splkki24%26amp;class=M45SM7%26amp;group=3%26amp;count=10%26amp;key=ESM648VJD5]'><\/script>\n\n\n\n<p>Maalip\u00f6rssi:<\/p>\n\n\n\n<script src='https:\/\/spl.torneopal.fi\/torneopal\/ajax\/[torneopal:stats:competition=splkki24%26amp;class=M45SM7%26amp;group=3%26amp;orderby=points%26amp;columns=player,team,matches,goals,assists,points%26amp;count=10%26amp;key=ESM648VJD5]'><\/script>\n","protected":false},"excerpt":{"rendered":"<p>Kaikki ottelut: Sarjataulukko: Maalip\u00f6rssi:<\/p>\n","protected":false},"author":5,"featured_media":0,"parent":0,"menu_order":1,"comment_status":"closed","ping_status":"closed","template":"","meta":{"footnotes":""},"class_list":["post-10","page","type-page","status-publish","hentry"],"_links":{"self":[{"href":"http:\/\/www.otavanviesti.fi\/index.php\/wp-json\/wp\/v2\/pages\/10","targetHints":{"allow":["GET"]}}],"collection":[{"href":"http:\/\/www.otavanviesti.fi\/index.php\/wp-json\/wp\/v2\/pages"}],"about":[{"href":"http:\/\/www.otavanviesti.fi\/index.php\/wp-json\/wp\/v2\/types\/page"}],"author":[{"embeddable":true,"href":"http:\/\/www.otavanviesti.fi\/index.php\/wp-json\/wp\/v2\/users\/5"}],"replies":[{"embeddable":true,"href":"http:\/\/www.otavanviesti.fi\/index.php\/wp-json\/wp\/v2\/comments?post=10"}],"version-history":[{"count":19,"href":"http:\/\/www.otavanviesti.fi\/index.php\/wp-json\/wp\/v2\/pages\/10\/revisions"}],"predecessor-version":[{"id":1127,"href":"http:\/\/www.otavanviesti.fi\/index.php\/wp-json\/wp\/v2\/pages\/10\/revisions\/1127"}],"wp:attachment":[{"href":"http:\/\/www.otavanviesti.fi\/index.php\/wp-json\/wp\/v2\/media?parent=10"}],"curies":[{"name":"wp","href":"https:\/\/api.w.org\/{rel}","templated":true}]}}