{"id":832,"date":"2023-05-30T14:21:25","date_gmt":"2023-05-30T11:21:25","guid":{"rendered":"http:\/\/www.otavanviesti.fi\/?page_id=832"},"modified":"2025-04-28T08:40:39","modified_gmt":"2025-04-28T05:40:39","slug":"kumppanit","status":"publish","type":"page","link":"http:\/\/www.otavanviesti.fi\/index.php\/kumppanit\/","title":{"rendered":"Kumppanit"},"content":{"rendered":"\n<p>P\u00e4\u00e4yhteisty\u00f6kumppanit<\/p>\n\n\n\n<figure class=\"wp-block-image size-full\"><img loading=\"lazy\" decoding=\"async\" width=\"898\" height=\"899\" src=\"http:\/\/www.otavanviesti.fi\/wp-content\/uploads\/2025\/04\/ekspsaatio-mukana-tukemassa-badge.png\" alt=\"\" class=\"wp-image-1268\"\/><\/figure>\n\n\n\n<figure class=\"wp-block-image size-full is-resized\"><img loading=\"lazy\" decoding=\"async\" width=\"3375\" height=\"3375\" src=\"http:\/\/www.otavanviesti.fi\/wp-content\/uploads\/2025\/04\/otava-lions-logo-ilman-taustaa-01.png\" alt=\"\" class=\"wp-image-1277\"\/><\/figure>\n\n\n\n<figure class=\"wp-block-image size-full\"><img loading=\"lazy\" decoding=\"async\" width=\"190\" height=\"234\" src=\"http:\/\/www.otavanviesti.fi\/wp-content\/uploads\/2023\/11\/Macron-Hero.png\" alt=\"\" class=\"wp-image-915\"\/><\/figure>\n\n\n\n<p>Peliasumainokset kausille 2023-2025<\/p>\n\n\n\n<figure class=\"wp-block-image size-large is-resized\"><img loading=\"lazy\" decoding=\"async\" width=\"200\" height=\"90\" src=\"http:\/\/www.otavanviesti.fi\/wp-content\/uploads\/2023\/05\/Otavanmetalli.png\" alt=\"\" class=\"wp-image-838\"\/><\/figure>\n\n\n\n<figure class=\"wp-block-image size-large is-resized\"><img loading=\"lazy\" decoding=\"async\" width=\"565\" height=\"80\" src=\"http:\/\/www.otavanviesti.fi\/wp-content\/uploads\/2023\/05\/Rannimestarit.jpg\" alt=\"\" class=\"wp-image-839\" srcset=\"http:\/\/www.otavanviesti.fi\/wp-content\/uploads\/2023\/05\/Rannimestarit.jpg 565w, http:\/\/www.otavanviesti.fi\/wp-content\/uploads\/2023\/05\/Rannimestarit-300x42.jpg 300w\" sizes=\"auto, (max-width: 565px) 100vw, 565px\" \/><\/figure>\n\n\n\n<p>Kummihuoltajasopimus 2024<\/p>\n\n\n\n<figure class=\"wp-block-image size-full is-resized\"><img loading=\"lazy\" decoding=\"async\" width=\"465\" height=\"133\" src=\"http:\/\/www.otavanviesti.fi\/wp-content\/uploads\/2023\/07\/Patteribaari.jpg\" alt=\"\" class=\"wp-image-875\" srcset=\"http:\/\/www.otavanviesti.fi\/wp-content\/uploads\/2023\/07\/Patteribaari.jpg 465w, http:\/\/www.otavanviesti.fi\/wp-content\/uploads\/2023\/07\/Patteribaari-300x86.jpg 300w\" sizes=\"auto, (max-width: 465px) 100vw, 465px\" \/><\/figure>\n","protected":false},"excerpt":{"rendered":"<p>P\u00e4\u00e4yhteisty\u00f6kumppanit Peliasumainokset kausille 2023-2025 Kummihuoltajasopimus 2024<\/p>\n","protected":false},"author":5,"featured_media":0,"parent":0,"menu_order":0,"comment_status":"closed","ping_status":"closed","template":"","meta":{"footnotes":""},"class_list":["post-832","page","type-page","status-publish","hentry"],"_links":{"self":[{"href":"http:\/\/www.otavanviesti.fi\/index.php\/wp-json\/wp\/v2\/pages\/832","targetHints":{"allow":["GET"]}}],"collection":[{"href":"http:\/\/www.otavanviesti.fi\/index.php\/wp-json\/wp\/v2\/pages"}],"about":[{"href":"http:\/\/www.otavanviesti.fi\/index.php\/wp-json\/wp\/v2\/types\/page"}],"author":[{"embeddable":true,"href":"http:\/\/www.otavanviesti.fi\/index.php\/wp-json\/wp\/v2\/users\/5"}],"replies":[{"embeddable":true,"href":"http:\/\/www.otavanviesti.fi\/index.php\/wp-json\/wp\/v2\/comments?post=832"}],"version-history":[{"count":13,"href":"http:\/\/www.otavanviesti.fi\/index.php\/wp-json\/wp\/v2\/pages\/832\/revisions"}],"predecessor-version":[{"id":1278,"href":"http:\/\/www.otavanviesti.fi\/index.php\/wp-json\/wp\/v2\/pages\/832\/revisions\/1278"}],"wp:attachment":[{"href":"http:\/\/www.otavanviesti.fi\/index.php\/wp-json\/wp\/v2\/media?parent=832"}],"curies":[{"name":"wp","href":"https:\/\/api.w.org\/{rel}","templated":true}]}}